{"id":250,"date":"2026-02-12T14:55:23","date_gmt":"2026-02-12T14:55:23","guid":{"rendered":"https:\/\/exciting-kare.91-99-251-114.plesk.page\/?page_id=250"},"modified":"2026-03-20T10:25:11","modified_gmt":"2026-03-20T10:25:11","slug":"il-nostro-lavoro","status":"publish","type":"page","link":"https:\/\/exciting-kare.91-99-251-114.plesk.page\/?page_id=250","title":{"rendered":"Il nostro lavoro"},"content":{"rendered":"\t\t<div data-elementor-type=\"wp-page\" data-elementor-id=\"250\" class=\"elementor elementor-250\" data-elementor-post-type=\"page\">\n\t\t\t\t<div class=\"elementor-element elementor-element-57bf0b2 e-flex e-con-boxed e-con e-parent\" data-id=\"57bf0b2\" data-element_type=\"container\" data-e-type=\"container\" data-settings=\"{&quot;background_background&quot;:&quot;classic&quot;}\">\n\t\t\t\t\t<div class=\"e-con-inner\">\n\t\t\t\t\t<\/div>\n\t\t\t\t<\/div>\n\t\t<div class=\"elementor-element elementor-element-403bc03 e-flex e-con-boxed e-con e-parent\" data-id=\"403bc03\" data-element_type=\"container\" data-e-type=\"container\" data-settings=\"{&quot;background_background&quot;:&quot;classic&quot;}\">\n\t\t\t\t\t<div class=\"e-con-inner\">\n\t\t\t\t<div class=\"elementor-element elementor-element-28c6ec4 elementor-widget elementor-widget-spacer\" data-id=\"28c6ec4\" data-element_type=\"widget\" data-e-type=\"widget\" data-widget_type=\"spacer.default\">\n\t\t\t\t\t\t\t<div class=\"elementor-spacer\">\n\t\t\t<div class=\"elementor-spacer-inner\"><\/div>\n\t\t<\/div>\n\t\t\t\t\t\t<\/div>\n\t\t\t\t\t<\/div>\n\t\t\t\t<\/div>\n\t\t<div class=\"elementor-element elementor-element-2d947ce e-flex e-con-boxed e-con e-parent\" data-id=\"2d947ce\" data-element_type=\"container\" data-e-type=\"container\">\n\t\t\t\t\t<div class=\"e-con-inner\">\n\t\t\t\t<div class=\"elementor-element elementor-element-584a9f6 elementor-widget elementor-widget-heading\" data-id=\"584a9f6\" data-element_type=\"widget\" data-e-type=\"widget\" data-widget_type=\"heading.default\">\n\t\t\t\t\t<h2 class=\"elementor-heading-title elementor-size-default\">IL NOSTRO LAVORO<\/h2>\t\t\t\t<\/div>\n\t\t\t\t\t<\/div>\n\t\t\t\t<\/div>\n\t\t<div class=\"elementor-element elementor-element-68054ab e-flex e-con-boxed e-con e-parent\" data-id=\"68054ab\" data-element_type=\"container\" data-e-type=\"container\">\n\t\t\t\t\t<div class=\"e-con-inner\">\n\t\t\t\t<div class=\"elementor-element elementor-element-e49447f elementor-widget elementor-widget-text-editor\" data-id=\"e49447f\" data-element_type=\"widget\" data-e-type=\"widget\" data-widget_type=\"text-editor.default\">\n\t\t\t\t\t\t\t\t\t<p><strong>PROGETTI DI RILIEVO<\/strong><\/p><p><span style=\"font-weight: 400;\">Costruzione e ristrutturazione di filiali bancarie e uffici per istituti bancari nazionali, nonch\u00e9 ristrutturazione e manutenzione di unit\u00e0 immobiliari di propriet\u00e0 delle banche.<\/span><\/p><p><span style=\"font-weight: 400;\">Ristrutturazioni e manutenzioni di uffici pubblici e privati di rilevanza storica in Piazza Loggia a Brescia e in Piazza Duomo a Milano e\u00a0<\/span><\/p><p><span style=\"font-weight: 400;\">Ristrutturazioni con rinforzi strutturali in centri storici di Brescia<\/span><\/p><p><span style=\"font-weight: 400;\">Interventi di manutenzione e carpenteria per la grande distribuzione, compresi di vetrofanie, carpenteria logistica e installazione di totem pubblicitari, svolti in regime di subappalto per importanti catene di GDO (Grande Distribuzione Organizzata) in tutto il nord Italia<\/span><\/p><p><span style=\"font-weight: 400;\">Ristrutturazioni di capannoni e uffici nel territorio torinese per un\u2019azienda di noleggio di rilevanza nazionale<\/span><\/p><p><span style=\"font-weight: 400;\">Spa privata con piscina interrata, bagno turco , sauna ecc. realizzata al piano terra di una villa storica di prestigio del lago di Garda, in sostituzione dell\u2019 originale garage, con interventi di alto livello e design su misura<\/span><\/p><p><span style=\"font-weight: 400;\">Restauro e ristrutturazione di diverse chiese storiche nel territorio di Brescia, nel rispetto dei vincoli architettonici<\/span><\/p><p><span style=\"font-weight: 400;\">Ristrutturazioni di edifici e abitazioni colpiti dal terremoto del 2004 nella zona di sal\u00f2 e Pompegnino<\/span><\/p><p><span style=\"font-weight: 400;\">Costruzione e installazione di parchi in scuole dell\u2019infanzia e parchi pubblici nel territorio di Brescia<\/span><\/p><p><span style=\"font-weight: 400;\">Settore vitivinicolo : realizzazione di una cantina ipogea ricavata all\u2019interno di una formazione montuosa, progettata per l\u2019 affinamento e la conservazione del vino, per una primaria realt\u00e0 vitivinicola della Franciacorta.<\/span><\/p><p><span style=\"font-weight: 400;\">Ristrutturazione complete finalizzate all\u2019apertura di locali di intrattenimento e ristorazione, tra cui Monaci sotto le stelle ed annessa Officina Cucina, Via Lattea e Mondo liquido, comprensive di adeguamenti strutturali e funzionali<\/span><\/p><p><span style=\"font-weight: 400;\">Opere di finitura edile compresa di canalizzazioni in capannone di mq 3.000 di nuova costruzione sito in\u00a0 Prevalle <\/span><\/p>\t\t\t\t\t\t\t\t<\/div>\n\t\t\t\t\t<\/div>\n\t\t\t\t<\/div>\n\t\t<div class=\"elementor-element elementor-element-dd6c3e8 e-flex e-con-boxed e-con e-parent\" data-id=\"dd6c3e8\" data-element_type=\"container\" data-e-type=\"container\" data-settings=\"{&quot;background_background&quot;:&quot;classic&quot;}\">\n\t\t\t\t\t<div class=\"e-con-inner\">\n\t\t\t\t<div class=\"elementor-element elementor-element-4b57e62 elementor-widget elementor-widget-spacer\" data-id=\"4b57e62\" data-element_type=\"widget\" data-e-type=\"widget\" data-widget_type=\"spacer.default\">\n\t\t\t\t\t\t\t<div class=\"elementor-spacer\">\n\t\t\t<div class=\"elementor-spacer-inner\"><\/div>\n\t\t<\/div>\n\t\t\t\t\t\t<\/div>\n\t\t\t\t\t<\/div>\n\t\t\t\t<\/div>\n\t\t<div class=\"elementor-element elementor-element-3d09705 e-flex e-con-boxed e-con e-parent\" data-id=\"3d09705\" data-element_type=\"container\" data-e-type=\"container\">\n\t\t\t\t\t<div class=\"e-con-inner\">\n\t\t<div class=\"elementor-element elementor-element-dc7514e e-con-full e-flex e-con e-child\" data-id=\"dc7514e\" data-element_type=\"container\" data-e-type=\"container\">\n\t\t\t\t<div class=\"elementor-element elementor-element-10dea6d elementor-widget elementor-widget-image\" data-id=\"10dea6d\" data-element_type=\"widget\" data-e-type=\"widget\" data-widget_type=\"image.default\">\n\t\t\t\t\t\t\t\t\t\t\t\t\t\t\t<img fetchpriority=\"high\" decoding=\"async\" width=\"768\" height=\"576\" src=\"https:\/\/exciting-kare.91-99-251-114.plesk.page\/wp-content\/uploads\/2026\/03\/costruzione-di-cantina-privata-2.jpg\" class=\"attachment-large size-large wp-image-583\" alt=\"\" srcset=\"https:\/\/exciting-kare.91-99-251-114.plesk.page\/wp-content\/uploads\/2026\/03\/costruzione-di-cantina-privata-2.jpg 768w, https:\/\/exciting-kare.91-99-251-114.plesk.page\/wp-content\/uploads\/2026\/03\/costruzione-di-cantina-privata-2-300x225.jpg 300w\" sizes=\"(max-width: 768px) 100vw, 768px\" \/>\t\t\t\t\t\t\t\t\t\t\t\t\t\t\t<\/div>\n\t\t\t\t<\/div>\n\t\t<div class=\"elementor-element elementor-element-eff9906 e-con-full e-flex e-con e-child\" data-id=\"eff9906\" data-element_type=\"container\" data-e-type=\"container\">\n\t\t\t\t<div class=\"elementor-element elementor-element-784adb2 elementor-widget elementor-widget-heading\" data-id=\"784adb2\" data-element_type=\"widget\" data-e-type=\"widget\" data-widget_type=\"heading.default\">\n\t\t\t\t\t<h2 class=\"elementor-heading-title elementor-size-default\">CANTINA PRIVATA<\/h2>\t\t\t\t<\/div>\n\t\t\t\t<div class=\"elementor-element elementor-element-d581dfd elementor-widget elementor-widget-text-editor\" data-id=\"d581dfd\" data-element_type=\"widget\" data-e-type=\"widget\" data-widget_type=\"text-editor.default\">\n\t\t\t\t\t\t\t\t\t<p>Lorem ipsum dolor sit amet, consectetur adipiscing elit. Ut elit tellus, luctus nec ullamcorper mattis, pulvinar dapibus leo.<\/p>\t\t\t\t\t\t\t\t<\/div>\n\t\t\t\t<\/div>\n\t\t\t\t\t<\/div>\n\t\t\t\t<\/div>\n\t\t<div class=\"elementor-element elementor-element-80e2c56 e-flex e-con-boxed e-con e-parent\" data-id=\"80e2c56\" data-element_type=\"container\" data-e-type=\"container\">\n\t\t\t\t\t<div class=\"e-con-inner\">\n\t\t<div class=\"elementor-element elementor-element-a3cf160 e-con-full e-flex e-con e-child\" data-id=\"a3cf160\" data-element_type=\"container\" data-e-type=\"container\">\n\t\t\t\t<div class=\"elementor-element elementor-element-ac26805 elementor-widget elementor-widget-heading\" data-id=\"ac26805\" data-element_type=\"widget\" data-e-type=\"widget\" data-widget_type=\"heading.default\">\n\t\t\t\t\t<h2 class=\"elementor-heading-title elementor-size-default\">CAPANNONE NUOVA COSTRUZIONE<\/h2>\t\t\t\t<\/div>\n\t\t\t\t<div class=\"elementor-element elementor-element-4e287ef elementor-widget elementor-widget-text-editor\" data-id=\"4e287ef\" data-element_type=\"widget\" data-e-type=\"widget\" data-widget_type=\"text-editor.default\">\n\t\t\t\t\t\t\t\t\t<p>Lorem ipsum dolor sit amet, consectetur adipiscing elit. Ut elit tellus, luctus nec ullamcorper mattis, pulvinar dapibus leo.<\/p>\t\t\t\t\t\t\t\t<\/div>\n\t\t\t\t<\/div>\n\t\t<div class=\"elementor-element elementor-element-e879887 e-con-full e-flex e-con e-child\" data-id=\"e879887\" data-element_type=\"container\" data-e-type=\"container\">\n\t\t\t\t<div class=\"elementor-element elementor-element-4b822e2 elementor-widget elementor-widget-image\" data-id=\"4b822e2\" data-element_type=\"widget\" data-e-type=\"widget\" data-widget_type=\"image.default\">\n\t\t\t\t\t\t\t\t\t\t\t\t\t\t\t<img decoding=\"async\" width=\"768\" height=\"576\" src=\"https:\/\/exciting-kare.91-99-251-114.plesk.page\/wp-content\/uploads\/2026\/03\/realizzazione-capannone.jpg\" class=\"attachment-large size-large wp-image-584\" alt=\"\" srcset=\"https:\/\/exciting-kare.91-99-251-114.plesk.page\/wp-content\/uploads\/2026\/03\/realizzazione-capannone.jpg 768w, https:\/\/exciting-kare.91-99-251-114.plesk.page\/wp-content\/uploads\/2026\/03\/realizzazione-capannone-300x225.jpg 300w\" sizes=\"(max-width: 768px) 100vw, 768px\" \/>\t\t\t\t\t\t\t\t\t\t\t\t\t\t\t<\/div>\n\t\t\t\t<\/div>\n\t\t\t\t\t<\/div>\n\t\t\t\t<\/div>\n\t\t<div class=\"elementor-element elementor-element-033ee05 e-flex e-con-boxed e-con e-parent\" data-id=\"033ee05\" data-element_type=\"container\" data-e-type=\"container\">\n\t\t\t\t\t<div class=\"e-con-inner\">\n\t\t<div class=\"elementor-element elementor-element-0cb9be1 e-con-full e-flex e-con e-child\" data-id=\"0cb9be1\" data-element_type=\"container\" data-e-type=\"container\">\n\t\t\t\t<div class=\"elementor-element elementor-element-f955461 elementor-widget elementor-widget-image\" data-id=\"f955461\" data-element_type=\"widget\" data-e-type=\"widget\" data-widget_type=\"image.default\">\n\t\t\t\t\t\t\t\t\t\t\t\t\t\t\t<img decoding=\"async\" width=\"800\" height=\"610\" src=\"https:\/\/exciting-kare.91-99-251-114.plesk.page\/wp-content\/uploads\/2026\/03\/1-e1774001788255-1024x781.jpeg\" class=\"attachment-large size-large wp-image-586\" alt=\"\" srcset=\"https:\/\/exciting-kare.91-99-251-114.plesk.page\/wp-content\/uploads\/2026\/03\/1-e1774001788255-1024x781.jpeg 1024w, https:\/\/exciting-kare.91-99-251-114.plesk.page\/wp-content\/uploads\/2026\/03\/1-e1774001788255-300x229.jpeg 300w, https:\/\/exciting-kare.91-99-251-114.plesk.page\/wp-content\/uploads\/2026\/03\/1-e1774001788255-768x586.jpeg 768w, https:\/\/exciting-kare.91-99-251-114.plesk.page\/wp-content\/uploads\/2026\/03\/1-e1774001788255.jpeg 1200w\" sizes=\"(max-width: 800px) 100vw, 800px\" \/>\t\t\t\t\t\t\t\t\t\t\t\t\t\t\t<\/div>\n\t\t\t\t<\/div>\n\t\t<div class=\"elementor-element elementor-element-dc72605 e-con-full e-flex e-con e-child\" data-id=\"dc72605\" data-element_type=\"container\" data-e-type=\"container\">\n\t\t\t\t<div class=\"elementor-element elementor-element-137ea29 elementor-widget elementor-widget-heading\" data-id=\"137ea29\" data-element_type=\"widget\" data-e-type=\"widget\" data-widget_type=\"heading.default\">\n\t\t\t\t\t<h2 class=\"elementor-heading-title elementor-size-default\">CASA<\/h2>\t\t\t\t<\/div>\n\t\t\t\t<div class=\"elementor-element elementor-element-2ef8ec3 elementor-widget elementor-widget-text-editor\" data-id=\"2ef8ec3\" data-element_type=\"widget\" data-e-type=\"widget\" data-widget_type=\"text-editor.default\">\n\t\t\t\t\t\t\t\t\t<p>Lorem ipsum dolor sit amet, consectetur adipiscing elit. Ut elit tellus, luctus nec ullamcorper mattis, pulvinar dapibus leo.<\/p>\t\t\t\t\t\t\t\t<\/div>\n\t\t\t\t<\/div>\n\t\t\t\t\t<\/div>\n\t\t\t\t<\/div>\n\t\t<div class=\"elementor-element elementor-element-047c0c8 e-flex e-con-boxed e-con e-parent\" data-id=\"047c0c8\" data-element_type=\"container\" data-e-type=\"container\">\n\t\t\t\t\t<div class=\"e-con-inner\">\n\t\t<div class=\"elementor-element elementor-element-a218f8a e-con-full e-flex e-con e-child\" data-id=\"a218f8a\" data-element_type=\"container\" data-e-type=\"container\">\n\t\t\t\t<div class=\"elementor-element elementor-element-fc7bf4b elementor-widget elementor-widget-heading\" data-id=\"fc7bf4b\" data-element_type=\"widget\" data-e-type=\"widget\" data-widget_type=\"heading.default\">\n\t\t\t\t\t<h2 class=\"elementor-heading-title elementor-size-default\">CHIESA<\/h2>\t\t\t\t<\/div>\n\t\t\t\t<div class=\"elementor-element elementor-element-9a298d8 elementor-widget elementor-widget-text-editor\" data-id=\"9a298d8\" data-element_type=\"widget\" data-e-type=\"widget\" data-widget_type=\"text-editor.default\">\n\t\t\t\t\t\t\t\t\t<p>Lorem ipsum dolor sit amet, consectetur adipiscing elit. Ut elit tellus, luctus nec ullamcorper mattis, pulvinar dapibus leo.<\/p>\t\t\t\t\t\t\t\t<\/div>\n\t\t\t\t<\/div>\n\t\t<div class=\"elementor-element elementor-element-051504d e-con-full e-flex e-con e-child\" data-id=\"051504d\" data-element_type=\"container\" data-e-type=\"container\">\n\t\t\t\t<div class=\"elementor-element elementor-element-fac51ae elementor-widget elementor-widget-image\" data-id=\"fac51ae\" data-element_type=\"widget\" data-e-type=\"widget\" data-widget_type=\"image.default\">\n\t\t\t\t\t\t\t\t\t\t\t\t\t\t\t<img loading=\"lazy\" decoding=\"async\" width=\"768\" height=\"626\" src=\"https:\/\/exciting-kare.91-99-251-114.plesk.page\/wp-content\/uploads\/2026\/03\/ristrutturazione-chiesa-e1774001823452.jpg\" class=\"attachment-large size-large wp-image-587\" alt=\"\" srcset=\"https:\/\/exciting-kare.91-99-251-114.plesk.page\/wp-content\/uploads\/2026\/03\/ristrutturazione-chiesa-e1774001823452.jpg 768w, https:\/\/exciting-kare.91-99-251-114.plesk.page\/wp-content\/uploads\/2026\/03\/ristrutturazione-chiesa-e1774001823452-300x245.jpg 300w\" sizes=\"(max-width: 768px) 100vw, 768px\" \/>\t\t\t\t\t\t\t\t\t\t\t\t\t\t\t<\/div>\n\t\t\t\t<\/div>\n\t\t\t\t\t<\/div>\n\t\t\t\t<\/div>\n\t\t<div class=\"elementor-element elementor-element-17964a3 e-flex e-con-boxed e-con e-parent\" data-id=\"17964a3\" data-element_type=\"container\" data-e-type=\"container\">\n\t\t\t\t\t<div class=\"e-con-inner\">\n\t\t<div class=\"elementor-element elementor-element-f2cdf66 e-con-full e-flex e-con e-child\" data-id=\"f2cdf66\" data-element_type=\"container\" data-e-type=\"container\">\n\t\t\t\t<div class=\"elementor-element elementor-element-3d945f4 elementor-widget elementor-widget-image\" data-id=\"3d945f4\" data-element_type=\"widget\" data-e-type=\"widget\" data-widget_type=\"image.default\">\n\t\t\t\t\t\t\t\t\t\t\t\t\t\t\t<img loading=\"lazy\" decoding=\"async\" width=\"768\" height=\"576\" src=\"https:\/\/exciting-kare.91-99-251-114.plesk.page\/wp-content\/uploads\/2026\/03\/realizzazione-piscina.jpg\" class=\"attachment-large size-large wp-image-588\" alt=\"\" srcset=\"https:\/\/exciting-kare.91-99-251-114.plesk.page\/wp-content\/uploads\/2026\/03\/realizzazione-piscina.jpg 768w, https:\/\/exciting-kare.91-99-251-114.plesk.page\/wp-content\/uploads\/2026\/03\/realizzazione-piscina-300x225.jpg 300w\" sizes=\"(max-width: 768px) 100vw, 768px\" \/>\t\t\t\t\t\t\t\t\t\t\t\t\t\t\t<\/div>\n\t\t\t\t<\/div>\n\t\t<div class=\"elementor-element elementor-element-93c27a6 e-con-full e-flex e-con e-child\" data-id=\"93c27a6\" data-element_type=\"container\" data-e-type=\"container\">\n\t\t\t\t<div class=\"elementor-element elementor-element-4a7ee00 elementor-widget elementor-widget-heading\" data-id=\"4a7ee00\" data-element_type=\"widget\" data-e-type=\"widget\" data-widget_type=\"heading.default\">\n\t\t\t\t\t<h2 class=\"elementor-heading-title elementor-size-default\">PISCINA<\/h2>\t\t\t\t<\/div>\n\t\t\t\t<div class=\"elementor-element elementor-element-969ba44 elementor-widget elementor-widget-text-editor\" data-id=\"969ba44\" data-element_type=\"widget\" data-e-type=\"widget\" data-widget_type=\"text-editor.default\">\n\t\t\t\t\t\t\t\t\t<p>Lorem ipsum dolor sit amet, consectetur adipiscing elit. Ut elit tellus, luctus nec ullamcorper mattis, pulvinar dapibus leo.<\/p>\t\t\t\t\t\t\t\t<\/div>\n\t\t\t\t<\/div>\n\t\t\t\t\t<\/div>\n\t\t\t\t<\/div>\n\t\t<div class=\"elementor-element elementor-element-1f405fd e-flex e-con-boxed e-con e-parent\" data-id=\"1f405fd\" data-element_type=\"container\" data-e-type=\"container\">\n\t\t\t\t\t<div class=\"e-con-inner\">\n\t\t<div class=\"elementor-element elementor-element-d1c05e1 e-con-full e-flex e-con e-child\" data-id=\"d1c05e1\" data-element_type=\"container\" data-e-type=\"container\">\n\t\t\t\t<div class=\"elementor-element elementor-element-2a79791 elementor-widget elementor-widget-heading\" data-id=\"2a79791\" data-element_type=\"widget\" data-e-type=\"widget\" data-widget_type=\"heading.default\">\n\t\t\t\t\t<h2 class=\"elementor-heading-title elementor-size-default\">RISTRUTTURAZIONE CAPANNONE<\/h2>\t\t\t\t<\/div>\n\t\t\t\t<div class=\"elementor-element elementor-element-311cdea elementor-widget elementor-widget-text-editor\" data-id=\"311cdea\" data-element_type=\"widget\" data-e-type=\"widget\" data-widget_type=\"text-editor.default\">\n\t\t\t\t\t\t\t\t\t<p>Lorem ipsum dolor sit amet, consectetur adipiscing elit. Ut elit tellus, luctus nec ullamcorper mattis, pulvinar dapibus leo.<\/p>\t\t\t\t\t\t\t\t<\/div>\n\t\t\t\t<\/div>\n\t\t<div class=\"elementor-element elementor-element-1ea1085 e-con-full e-flex e-con e-child\" data-id=\"1ea1085\" data-element_type=\"container\" data-e-type=\"container\">\n\t\t\t\t<div class=\"elementor-element elementor-element-629d29a elementor-widget elementor-widget-image\" data-id=\"629d29a\" data-element_type=\"widget\" data-e-type=\"widget\" data-widget_type=\"image.default\">\n\t\t\t\t\t\t\t\t\t\t\t\t\t\t\t<img loading=\"lazy\" decoding=\"async\" width=\"800\" height=\"608\" src=\"https:\/\/exciting-kare.91-99-251-114.plesk.page\/wp-content\/uploads\/2026\/03\/ristrutturazione-capannone-desenzano-11-e1774001906869-1024x778.jpeg\" class=\"attachment-large size-large wp-image-589\" alt=\"\" srcset=\"https:\/\/exciting-kare.91-99-251-114.plesk.page\/wp-content\/uploads\/2026\/03\/ristrutturazione-capannone-desenzano-11-e1774001906869-1024x778.jpeg 1024w, https:\/\/exciting-kare.91-99-251-114.plesk.page\/wp-content\/uploads\/2026\/03\/ristrutturazione-capannone-desenzano-11-e1774001906869-300x228.jpeg 300w, https:\/\/exciting-kare.91-99-251-114.plesk.page\/wp-content\/uploads\/2026\/03\/ristrutturazione-capannone-desenzano-11-e1774001906869-768x584.jpeg 768w, https:\/\/exciting-kare.91-99-251-114.plesk.page\/wp-content\/uploads\/2026\/03\/ristrutturazione-capannone-desenzano-11-e1774001906869.jpeg 1200w\" sizes=\"(max-width: 800px) 100vw, 800px\" \/>\t\t\t\t\t\t\t\t\t\t\t\t\t\t\t<\/div>\n\t\t\t\t<\/div>\n\t\t\t\t\t<\/div>\n\t\t\t\t<\/div>\n\t\t\t\t<\/div>\n\t\t","protected":false},"excerpt":{"rendered":"<p>IL NOSTRO LAVORO PROGETTI DI RILIEVO Costruzione e ristrutturazione di filiali bancarie e uffici per istituti bancari nazionali, nonch\u00e9 ristrutturazione e manutenzione di unit\u00e0 immobiliari di propriet\u00e0 delle banche. Ristrutturazioni e manutenzioni di uffici pubblici e privati di rilevanza storica in Piazza Loggia a Brescia e in Piazza Duomo a Milano e\u00a0 Ristrutturazioni con rinforzi [&hellip;]<\/p>\n","protected":false},"author":1,"featured_media":0,"parent":0,"menu_order":0,"comment_status":"closed","ping_status":"closed","template":"","meta":{"footnotes":""},"class_list":["post-250","page","type-page","status-publish","hentry"],"_links":{"self":[{"href":"https:\/\/exciting-kare.91-99-251-114.plesk.page\/index.php?rest_route=\/wp\/v2\/pages\/250","targetHints":{"allow":["GET"]}}],"collection":[{"href":"https:\/\/exciting-kare.91-99-251-114.plesk.page\/index.php?rest_route=\/wp\/v2\/pages"}],"about":[{"href":"https:\/\/exciting-kare.91-99-251-114.plesk.page\/index.php?rest_route=\/wp\/v2\/types\/page"}],"author":[{"embeddable":true,"href":"https:\/\/exciting-kare.91-99-251-114.plesk.page\/index.php?rest_route=\/wp\/v2\/users\/1"}],"replies":[{"embeddable":true,"href":"https:\/\/exciting-kare.91-99-251-114.plesk.page\/index.php?rest_route=%2Fwp%2Fv2%2Fcomments&post=250"}],"version-history":[{"count":34,"href":"https:\/\/exciting-kare.91-99-251-114.plesk.page\/index.php?rest_route=\/wp\/v2\/pages\/250\/revisions"}],"predecessor-version":[{"id":599,"href":"https:\/\/exciting-kare.91-99-251-114.plesk.page\/index.php?rest_route=\/wp\/v2\/pages\/250\/revisions\/599"}],"wp:attachment":[{"href":"https:\/\/exciting-kare.91-99-251-114.plesk.page\/index.php?rest_route=%2Fwp%2Fv2%2Fmedia&parent=250"}],"curies":[{"name":"wp","href":"https:\/\/api.w.org\/{rel}","templated":true}]}}