{"id":427,"date":"2026-02-16T13:08:21","date_gmt":"2026-02-16T13:08:21","guid":{"rendered":"https:\/\/exciting-kare.91-99-251-114.plesk.page\/?page_id=427"},"modified":"2026-02-24T13:22:30","modified_gmt":"2026-02-24T13:22:30","slug":"clienti-e-collaborazioni","status":"publish","type":"page","link":"https:\/\/exciting-kare.91-99-251-114.plesk.page\/?page_id=427","title":{"rendered":"Clienti e collaborazioni"},"content":{"rendered":"\t\t<div data-elementor-type=\"wp-page\" data-elementor-id=\"427\" class=\"elementor elementor-427\" data-elementor-post-type=\"page\">\n\t\t\t\t<div class=\"elementor-element elementor-element-8aeef4e e-flex e-con-boxed e-con e-parent\" data-id=\"8aeef4e\" data-element_type=\"container\" data-e-type=\"container\" data-settings=\"{&quot;background_background&quot;:&quot;classic&quot;}\">\n\t\t\t\t\t<div class=\"e-con-inner\">\n\t\t\t\t<div class=\"elementor-element elementor-element-42bf7a1 elementor-widget-divider--view-line elementor-widget elementor-widget-divider\" data-id=\"42bf7a1\" data-element_type=\"widget\" data-e-type=\"widget\" data-widget_type=\"divider.default\">\n\t\t\t\t\t\t\t<div class=\"elementor-divider\">\n\t\t\t<span class=\"elementor-divider-separator\">\n\t\t\t\t\t\t<\/span>\n\t\t<\/div>\n\t\t\t\t\t\t<\/div>\n\t\t<div class=\"elementor-element elementor-element-d270b2a e-con-full e-flex e-con e-child\" data-id=\"d270b2a\" data-element_type=\"container\" data-e-type=\"container\">\n\t\t<div class=\"elementor-element elementor-element-60c6824 e-con-full e-flex e-con e-child\" data-id=\"60c6824\" data-element_type=\"container\" data-e-type=\"container\">\n\t\t\t\t<div class=\"elementor-element elementor-element-944ff87 elementor-invisible elementor-widget elementor-widget-heading\" data-id=\"944ff87\" data-element_type=\"widget\" data-e-type=\"widget\" data-settings=\"{&quot;_animation&quot;:&quot;fadeInLeft&quot;}\" data-widget_type=\"heading.default\">\n\t\t\t\t\t<h2 class=\"elementor-heading-title elementor-size-default\">Clienti<\/h2>\t\t\t\t<\/div>\n\t\t\t\t<div class=\"elementor-element elementor-element-a74aab0 elementor-invisible elementor-widget elementor-widget-text-editor\" data-id=\"a74aab0\" data-element_type=\"widget\" data-e-type=\"widget\" data-settings=\"{&quot;_animation&quot;:&quot;fadeInLeft&quot;}\" data-widget_type=\"text-editor.default\">\n\t\t\t\t\t\t\t\t\t<p>I nostri progetti di rilievo rappresentano il risultato di anni di esperienza maturata in ambiti diversi, dalla ristrutturazione di edifici storici e spazi pubblici alla realizzazione di interventi complessi per aziende, istituti bancari e clienti privati. Ogni lavoro \u00e8 stato affrontato con competenza tecnica, attenzione ai dettagli e rispetto delle caratteristiche architettoniche, garantendo soluzioni funzionali, sicure e di qualit\u00e0 nel tempo.<\/p>\t\t\t\t\t\t\t\t<\/div>\n\t\t\t\t<\/div>\n\t\t<div class=\"elementor-element elementor-element-4540ea5 e-con-full e-grid e-con e-child\" data-id=\"4540ea5\" data-element_type=\"container\" data-e-type=\"container\">\n\t\t<div class=\"elementor-element elementor-element-f04acba e-con-full e-flex e-con e-child\" data-id=\"f04acba\" data-element_type=\"container\" data-e-type=\"container\" data-settings=\"{&quot;background_background&quot;:&quot;classic&quot;}\">\n\t\t\t\t<div class=\"elementor-element elementor-element-0334f27 elementor-widget elementor-widget-image-box\" data-id=\"0334f27\" data-element_type=\"widget\" data-e-type=\"widget\" data-widget_type=\"image-box.default\">\n\t\t\t\t\t<div class=\"elementor-image-box-wrapper\"><div class=\"elementor-image-box-content\"><div class=\"elementor-image-box-title\">Istituti bancari <\/div><p class=\"elementor-image-box-description\">(filiali, uffici e immobili di propriet\u00e0), tra cui BPER Banca: collaborazione avviata inizialmente tramite l\u2019impresa di famiglia e proseguita direttamente con Edilkri dal 2001 al 2016<\/p><\/div><\/div>\t\t\t\t<\/div>\n\t\t\t\t<div class=\"elementor-element elementor-element-35b98b3 elementor-widget__width-inherit elementor-widget-divider--view-line elementor-widget elementor-widget-divider\" data-id=\"35b98b3\" data-element_type=\"widget\" data-e-type=\"widget\" data-widget_type=\"divider.default\">\n\t\t\t\t\t\t\t<div class=\"elementor-divider\">\n\t\t\t<span class=\"elementor-divider-separator\">\n\t\t\t\t\t\t<\/span>\n\t\t<\/div>\n\t\t\t\t\t\t<\/div>\n\t\t\t\t<\/div>\n\t\t<div class=\"elementor-element elementor-element-3a0df38 e-con-full e-flex e-con e-child\" data-id=\"3a0df38\" data-element_type=\"container\" data-e-type=\"container\" data-settings=\"{&quot;background_background&quot;:&quot;classic&quot;}\">\n\t\t\t\t<div class=\"elementor-element elementor-element-72c007c elementor-widget elementor-widget-image-box\" data-id=\"72c007c\" data-element_type=\"widget\" data-e-type=\"widget\" data-widget_type=\"image-box.default\">\n\t\t\t\t\t<div class=\"elementor-image-box-wrapper\"><div class=\"elementor-image-box-content\"><div class=\"elementor-image-box-title\">Enti pubblici comunali<\/div><p class=\"elementor-image-box-description\">Realizziamo interventi per enti pubblici con attenzione alla qualit\u00e0, alla sicurezza e al rispetto delle normative vigenti.\nAbbiamo operato in contesti istituzionali contribuendo alla manutenzione e alla riqualificazione di spazi destinati alla collettivit\u00e0.<\/p><\/div><\/div>\t\t\t\t<\/div>\n\t\t\t\t<div class=\"elementor-element elementor-element-c620850 elementor-widget__width-inherit elementor-widget-divider--view-line elementor-widget elementor-widget-divider\" data-id=\"c620850\" data-element_type=\"widget\" data-e-type=\"widget\" data-widget_type=\"divider.default\">\n\t\t\t\t\t\t\t<div class=\"elementor-divider\">\n\t\t\t<span class=\"elementor-divider-separator\">\n\t\t\t\t\t\t<\/span>\n\t\t<\/div>\n\t\t\t\t\t\t<\/div>\n\t\t\t\t<\/div>\n\t\t<div class=\"elementor-element elementor-element-4b12b1f e-con-full e-flex e-con e-child\" data-id=\"4b12b1f\" data-element_type=\"container\" data-e-type=\"container\" data-settings=\"{&quot;background_background&quot;:&quot;classic&quot;}\">\n\t\t\t\t<div class=\"elementor-element elementor-element-ca9bfa3 elementor-widget elementor-widget-image-box\" data-id=\"ca9bfa3\" data-element_type=\"widget\" data-e-type=\"widget\" data-widget_type=\"image-box.default\">\n\t\t\t\t\t<div class=\"elementor-image-box-wrapper\"><div class=\"elementor-image-box-content\"><div class=\"elementor-image-box-title\">Aziende private e strutture commerciali<\/div><p class=\"elementor-image-box-description\">Collaboriamo con realt\u00e0 imprenditoriali e commerciali offrendo lavori di ristrutturazione, adeguamento e manutenzione degli spazi.\nOgni intervento \u00e8 pensato per garantire funzionalit\u00e0, efficienza operativa e valorizzazione degli ambienti di lavoro.<\/p><\/div><\/div>\t\t\t\t<\/div>\n\t\t\t\t<div class=\"elementor-element elementor-element-3aa15cc elementor-widget__width-inherit elementor-widget-divider--view-line elementor-widget elementor-widget-divider\" data-id=\"3aa15cc\" data-element_type=\"widget\" data-e-type=\"widget\" data-widget_type=\"divider.default\">\n\t\t\t\t\t\t\t<div class=\"elementor-divider\">\n\t\t\t<span class=\"elementor-divider-separator\">\n\t\t\t\t\t\t<\/span>\n\t\t<\/div>\n\t\t\t\t\t\t<\/div>\n\t\t\t\t<\/div>\n\t\t<div class=\"elementor-element elementor-element-aaff0af e-con-full e-flex e-con e-child\" data-id=\"aaff0af\" data-element_type=\"container\" data-e-type=\"container\" data-settings=\"{&quot;background_background&quot;:&quot;classic&quot;}\">\n\t\t\t\t<div class=\"elementor-element elementor-element-34933a3 elementor-widget elementor-widget-image-box\" data-id=\"34933a3\" data-element_type=\"widget\" data-e-type=\"widget\" data-widget_type=\"image-box.default\">\n\t\t\t\t\t<div class=\"elementor-image-box-wrapper\"><div class=\"elementor-image-box-content\"><div class=\"elementor-image-box-title\">Locali e attivit\u00e0 di intrattenimento<\/div><p class=\"elementor-image-box-description\">Abbiamo realizzato opere murarie e interventi di ristrutturazione per locali aperti al pubblico e spazi dedicati all\u2019intrattenimento.\nPrestiamo particolare attenzione all\u2019estetica, alla sicurezza e alla fruibilit\u00e0 degli ambienti.<\/p><\/div><\/div>\t\t\t\t<\/div>\n\t\t\t\t<div class=\"elementor-element elementor-element-a067de0 elementor-widget__width-inherit elementor-widget-divider--view-line elementor-widget elementor-widget-divider\" data-id=\"a067de0\" data-element_type=\"widget\" data-e-type=\"widget\" data-widget_type=\"divider.default\">\n\t\t\t\t\t\t\t<div class=\"elementor-divider\">\n\t\t\t<span class=\"elementor-divider-separator\">\n\t\t\t\t\t\t<\/span>\n\t\t<\/div>\n\t\t\t\t\t\t<\/div>\n\t\t\t\t<\/div>\n\t\t<div class=\"elementor-element elementor-element-f32e7cd e-con-full e-flex e-con e-child\" data-id=\"f32e7cd\" data-element_type=\"container\" data-e-type=\"container\" data-settings=\"{&quot;background_background&quot;:&quot;classic&quot;}\">\n\t\t\t\t<div class=\"elementor-element elementor-element-7deb40f elementor-widget elementor-widget-image-box\" data-id=\"7deb40f\" data-element_type=\"widget\" data-e-type=\"widget\" data-widget_type=\"image-box.default\">\n\t\t\t\t\t<div class=\"elementor-image-box-wrapper\"><div class=\"elementor-image-box-content\"><div class=\"elementor-image-box-title\">Attivit\u00e0 di ordinaria manutenzione e realizzazione di opere murarie in aziende di rilevanza industriale<\/div><p class=\"elementor-image-box-description\">incluse realt\u00e0 del settore logistico e manifatturiero nel Nord Italia, stabilimenti di acciaierie e officine meccaniche di rilevanza nazionale<\/p><\/div><\/div>\t\t\t\t<\/div>\n\t\t\t\t<div class=\"elementor-element elementor-element-80593ed elementor-widget__width-inherit elementor-widget-divider--view-line elementor-widget elementor-widget-divider\" data-id=\"80593ed\" data-element_type=\"widget\" data-e-type=\"widget\" data-widget_type=\"divider.default\">\n\t\t\t\t\t\t\t<div class=\"elementor-divider\">\n\t\t\t<span class=\"elementor-divider-separator\">\n\t\t\t\t\t\t<\/span>\n\t\t<\/div>\n\t\t\t\t\t\t<\/div>\n\t\t\t\t<\/div>\n\t\t<div class=\"elementor-element elementor-element-9e3f97f e-con-full e-flex e-con e-child\" data-id=\"9e3f97f\" data-element_type=\"container\" data-e-type=\"container\" data-settings=\"{&quot;background_background&quot;:&quot;classic&quot;}\">\n\t\t\t\t<div class=\"elementor-element elementor-element-7b1d524 elementor-widget elementor-widget-image-box\" data-id=\"7b1d524\" data-element_type=\"widget\" data-e-type=\"widget\" data-widget_type=\"image-box.default\">\n\t\t\t\t\t<div class=\"elementor-image-box-wrapper\"><div class=\"elementor-image-box-content\"><div class=\"elementor-image-box-title\">Importanti realt\u00e0 del settore energetico<\/div><p class=\"elementor-image-box-description\">Abbiamo collaborato con aziende del settore energetico, supportando interventi tecnici e opere murarie in strutture operative.\nIl nostro lavoro \u00e8 orientato a garantire sicurezza, efficienza e rispetto degli standard richiesti dal settore.<\/p><\/div><\/div>\t\t\t\t<\/div>\n\t\t\t\t<div class=\"elementor-element elementor-element-e5be8dc elementor-widget__width-inherit elementor-widget-divider--view-line elementor-widget elementor-widget-divider\" data-id=\"e5be8dc\" data-element_type=\"widget\" data-e-type=\"widget\" data-widget_type=\"divider.default\">\n\t\t\t\t\t\t\t<div class=\"elementor-divider\">\n\t\t\t<span class=\"elementor-divider-separator\">\n\t\t\t\t\t\t<\/span>\n\t\t<\/div>\n\t\t\t\t\t\t<\/div>\n\t\t\t\t<\/div>\n\t\t<div class=\"elementor-element elementor-element-45c0960 e-con-full e-flex e-con e-child\" data-id=\"45c0960\" data-element_type=\"container\" data-e-type=\"container\" data-settings=\"{&quot;background_background&quot;:&quot;classic&quot;}\">\n\t\t\t\t<div class=\"elementor-element elementor-element-c299b66 elementor-widget elementor-widget-image-box\" data-id=\"c299b66\" data-element_type=\"widget\" data-e-type=\"widget\" data-widget_type=\"image-box.default\">\n\t\t\t\t\t<div class=\"elementor-image-box-wrapper\"><div class=\"elementor-image-box-content\"><div class=\"elementor-image-box-title\">Strutture alberghiere del Lago di Garda<\/div><p class=\"elementor-image-box-description\">Abbiamo eseguito ristrutturazioni e interventi di manutenzione in diverse strutture ricettive del territorio gardesano.\nOgni progetto \u00e8 stato sviluppato con cura dei dettagli per migliorare comfort, funzionalit\u00e0 e qualit\u00e0 degli ambienti dedicati all\u2019ospitalit\u00e0.<\/p><\/div><\/div>\t\t\t\t<\/div>\n\t\t\t\t<div class=\"elementor-element elementor-element-2240cae elementor-widget__width-inherit elementor-widget-divider--view-line elementor-widget elementor-widget-divider\" data-id=\"2240cae\" data-element_type=\"widget\" data-e-type=\"widget\" data-widget_type=\"divider.default\">\n\t\t\t\t\t\t\t<div class=\"elementor-divider\">\n\t\t\t<span class=\"elementor-divider-separator\">\n\t\t\t\t\t\t<\/span>\n\t\t<\/div>\n\t\t\t\t\t\t<\/div>\n\t\t\t\t<\/div>\n\t\t<div class=\"elementor-element elementor-element-ced1a04 e-con-full e-flex e-con e-child\" data-id=\"ced1a04\" data-element_type=\"container\" data-e-type=\"container\" data-settings=\"{&quot;background_background&quot;:&quot;classic&quot;}\">\n\t\t\t\t<div class=\"elementor-element elementor-element-cd2451b elementor-widget__width-inherit elementor-widget-divider--view-line elementor-widget elementor-widget-divider\" data-id=\"cd2451b\" data-element_type=\"widget\" data-e-type=\"widget\" data-widget_type=\"divider.default\">\n\t\t\t\t\t\t\t<div class=\"elementor-divider\">\n\t\t\t<span class=\"elementor-divider-separator\">\n\t\t\t\t\t\t<\/span>\n\t\t<\/div>\n\t\t\t\t\t\t<\/div>\n\t\t\t\t<\/div>\n\t\t\t\t<\/div>\n\t\t\t\t<\/div>\n\t\t\t\t\t<\/div>\n\t\t\t\t<\/div>\n\t\t<div class=\"elementor-element elementor-element-e63d34d e-flex e-con-boxed e-con e-parent\" data-id=\"e63d34d\" data-element_type=\"container\" data-e-type=\"container\" data-settings=\"{&quot;background_background&quot;:&quot;classic&quot;}\">\n\t\t\t\t\t<div class=\"e-con-inner\">\n\t\t<div class=\"elementor-element elementor-element-22499ae e-con-full e-flex e-con e-child\" data-id=\"22499ae\" data-element_type=\"container\" data-e-type=\"container\">\n\t\t<div class=\"elementor-element elementor-element-78f0427 e-con-full e-flex e-con e-child\" data-id=\"78f0427\" data-element_type=\"container\" data-e-type=\"container\">\n\t\t<div class=\"elementor-element elementor-element-3d32260 e-con-full e-flex e-con e-child\" data-id=\"3d32260\" data-element_type=\"container\" data-e-type=\"container\" data-settings=\"{&quot;background_background&quot;:&quot;classic&quot;}\">\n\t\t\t\t<div class=\"elementor-element elementor-element-a00b923 elementor-widget elementor-widget-image\" data-id=\"a00b923\" data-element_type=\"widget\" data-e-type=\"widget\" data-widget_type=\"image.default\">\n\t\t\t\t\t\t\t\t\t\t\t\t\t\t\t<img fetchpriority=\"high\" decoding=\"async\" width=\"800\" height=\"600\" src=\"https:\/\/exciting-kare.91-99-251-114.plesk.page\/wp-content\/uploads\/2026\/02\/68354056_158416515298887_292181514135797760_n-1024x768.jpg\" class=\"attachment-large size-large wp-image-326\" alt=\"\" srcset=\"https:\/\/exciting-kare.91-99-251-114.plesk.page\/wp-content\/uploads\/2026\/02\/68354056_158416515298887_292181514135797760_n-1024x768.jpg 1024w, https:\/\/exciting-kare.91-99-251-114.plesk.page\/wp-content\/uploads\/2026\/02\/68354056_158416515298887_292181514135797760_n-300x225.jpg 300w, https:\/\/exciting-kare.91-99-251-114.plesk.page\/wp-content\/uploads\/2026\/02\/68354056_158416515298887_292181514135797760_n-768x576.jpg 768w, https:\/\/exciting-kare.91-99-251-114.plesk.page\/wp-content\/uploads\/2026\/02\/68354056_158416515298887_292181514135797760_n-1536x1152.jpg 1536w, https:\/\/exciting-kare.91-99-251-114.plesk.page\/wp-content\/uploads\/2026\/02\/68354056_158416515298887_292181514135797760_n.jpg 1600w\" sizes=\"(max-width: 800px) 100vw, 800px\" \/>\t\t\t\t\t\t\t\t\t\t\t\t\t\t\t<\/div>\n\t\t\t\t<\/div>\n\t\t<div class=\"elementor-element elementor-element-8cfa342 e-con-full e-flex e-con e-child\" data-id=\"8cfa342\" data-element_type=\"container\" data-e-type=\"container\">\n\t\t<div class=\"elementor-element elementor-element-e5ec740 e-con-full e-flex e-con e-child\" data-id=\"e5ec740\" data-element_type=\"container\" data-e-type=\"container\">\n\t\t\t\t<div class=\"elementor-element elementor-element-ea402d1 elementor-invisible elementor-widget elementor-widget-heading\" data-id=\"ea402d1\" data-element_type=\"widget\" data-e-type=\"widget\" data-settings=\"{&quot;_animation&quot;:&quot;fadeInLeft&quot;}\" data-widget_type=\"heading.default\">\n\t\t\t\t\t<h2 class=\"elementor-heading-title elementor-size-default\">collaborazioni<\/h2>\t\t\t\t<\/div>\n\t\t\t\t<\/div>\n\t\t\t\t<div class=\"elementor-element elementor-element-68f0eed elementor-icon-list--layout-traditional elementor-list-item-link-full_width elementor-widget elementor-widget-icon-list\" data-id=\"68f0eed\" data-element_type=\"widget\" data-e-type=\"widget\" data-widget_type=\"icon-list.default\">\n\t\t\t\t\t\t\t<ul class=\"elementor-icon-list-items\">\n\t\t\t\t\t\t\t<li class=\"elementor-icon-list-item\">\n\t\t\t\t\t\t\t\t\t\t\t<span class=\"elementor-icon-list-icon\">\n\t\t\t\t\t\t\t<svg aria-hidden=\"true\" class=\"e-font-icon-svg e-fas-square\" viewBox=\"0 0 448 512\" xmlns=\"http:\/\/www.w3.org\/2000\/svg\"><path d=\"M400 32H48C21.5 32 0 53.5 0 80v352c0 26.5 21.5 48 48 48h352c26.5 0 48-21.5 48-48V80c0-26.5-21.5-48-48-48z\"><\/path><\/svg>\t\t\t\t\t\t<\/span>\n\t\t\t\t\t\t\t\t\t\t<span class=\"elementor-icon-list-text\">Collaborazione con l\u2019architetto Giorgio Valenti \u2013 www.architettovalenti.it<\/span>\n\t\t\t\t\t\t\t\t\t<\/li>\n\t\t\t\t\t\t\t\t<li class=\"elementor-icon-list-item\">\n\t\t\t\t\t\t\t\t\t\t\t<span class=\"elementor-icon-list-icon\">\n\t\t\t\t\t\t\t<svg aria-hidden=\"true\" class=\"e-font-icon-svg e-fas-square\" viewBox=\"0 0 448 512\" xmlns=\"http:\/\/www.w3.org\/2000\/svg\"><path d=\"M400 32H48C21.5 32 0 53.5 0 80v352c0 26.5 21.5 48 48 48h352c26.5 0 48-21.5 48-48V80c0-26.5-21.5-48-48-48z\"><\/path><\/svg>\t\t\t\t\t\t<\/span>\n\t\t\t\t\t\t\t\t\t\t<span class=\"elementor-icon-list-text\">Collaborazioni con architetti professionisti e selezione accurata di idraulici, elettricisti, pittori e piastrellisti qualificati<\/span>\n\t\t\t\t\t\t\t\t\t<\/li>\n\t\t\t\t\t\t\t\t<li class=\"elementor-icon-list-item\">\n\t\t\t\t\t\t\t\t\t\t\t<span class=\"elementor-icon-list-icon\">\n\t\t\t\t\t\t\t<svg aria-hidden=\"true\" class=\"e-font-icon-svg e-fas-square\" viewBox=\"0 0 448 512\" xmlns=\"http:\/\/www.w3.org\/2000\/svg\"><path d=\"M400 32H48C21.5 32 0 53.5 0 80v352c0 26.5 21.5 48 48 48h352c26.5 0 48-21.5 48-48V80c0-26.5-21.5-48-48-48z\"><\/path><\/svg>\t\t\t\t\t\t<\/span>\n\t\t\t\t\t\t\t\t\t\t<span class=\"elementor-icon-list-text\">Collaborazioni con aziende specializzate nei settori fotovoltaico e pompe di calore, con focus su efficienza energetica e soluzioni sostenibili<\/span>\n\t\t\t\t\t\t\t\t\t<\/li>\n\t\t\t\t\t\t<\/ul>\n\t\t\t\t\t\t<\/div>\n\t\t\t\t<\/div>\n\t\t\t\t<\/div>\n\t\t\t\t<\/div>\n\t\t\t\t\t<\/div>\n\t\t\t\t<\/div>\n\t\t\t\t<\/div>\n\t\t","protected":false},"excerpt":{"rendered":"<p>Clienti I nostri progetti di rilievo rappresentano il risultato di anni di esperienza maturata in ambiti diversi, dalla ristrutturazione di edifici storici e spazi pubblici alla realizzazione di interventi complessi per aziende, istituti bancari e clienti privati. Ogni lavoro \u00e8 stato affrontato con competenza tecnica, attenzione ai dettagli e rispetto delle caratteristiche architettoniche, garantendo soluzioni [&hellip;]<\/p>\n","protected":false},"author":1,"featured_media":0,"parent":0,"menu_order":0,"comment_status":"closed","ping_status":"closed","template":"","meta":{"footnotes":""},"class_list":["post-427","page","type-page","status-publish","hentry"],"_links":{"self":[{"href":"https:\/\/exciting-kare.91-99-251-114.plesk.page\/index.php?rest_route=\/wp\/v2\/pages\/427","targetHints":{"allow":["GET"]}}],"collection":[{"href":"https:\/\/exciting-kare.91-99-251-114.plesk.page\/index.php?rest_route=\/wp\/v2\/pages"}],"about":[{"href":"https:\/\/exciting-kare.91-99-251-114.plesk.page\/index.php?rest_route=\/wp\/v2\/types\/page"}],"author":[{"embeddable":true,"href":"https:\/\/exciting-kare.91-99-251-114.plesk.page\/index.php?rest_route=\/wp\/v2\/users\/1"}],"replies":[{"embeddable":true,"href":"https:\/\/exciting-kare.91-99-251-114.plesk.page\/index.php?rest_route=%2Fwp%2Fv2%2Fcomments&post=427"}],"version-history":[{"count":16,"href":"https:\/\/exciting-kare.91-99-251-114.plesk.page\/index.php?rest_route=\/wp\/v2\/pages\/427\/revisions"}],"predecessor-version":[{"id":564,"href":"https:\/\/exciting-kare.91-99-251-114.plesk.page\/index.php?rest_route=\/wp\/v2\/pages\/427\/revisions\/564"}],"wp:attachment":[{"href":"https:\/\/exciting-kare.91-99-251-114.plesk.page\/index.php?rest_route=%2Fwp%2Fv2%2Fmedia&parent=427"}],"curies":[{"name":"wp","href":"https:\/\/api.w.org\/{rel}","templated":true}]}}